{"id":525,"date":"2025-03-20T14:39:48","date_gmt":"2025-03-20T17:39:48","guid":{"rendered":"https:\/\/tienda.olivelez.com.ar\/shop\/?post_type=product&#038;p=525"},"modified":"2025-03-22T00:26:16","modified_gmt":"2025-03-22T03:26:16","slug":"taller-de-verticales-nivel-principiante","status":"publish","type":"product","link":"https:\/\/tienda.olivelez.com.ar\/shop\/product\/taller-de-verticales-nivel-principiante\/","title":{"rendered":"TALLER DE VERTICALES &#8211; nivel principiante"},"content":{"rendered":"<p>Este es un taller pre grabado, la duraci\u00f3n es de 50 minutos, pensado para que tu entrenamiento dure alrededor de 120 minutos.<\/p>\n<p>Contiene una introducci\u00f3n, entrada en calor y toda la t\u00e9cnica necesaria para aprender a hacer verticales desde cero por delante del pole. Es ideal para quienes aun les tienen miedo y no saben por d\u00f3nde comenzar o c\u00f3mo encarar los entrenamientos.<\/p>\n<p>Este es el m\u00e9todo que uso siempre con alumnes online para que puedan practicar en sus casas sin tener alguien que les cuide.<\/p>\n","protected":false},"excerpt":{"rendered":"<p>Este es un taller pre grabado, la duraci\u00f3n es de 50 minutos, pensado para que tu entrenamiento dure alrededor de 120 minutos. Contiene una introducci\u00f3n, entrada en calor y toda la t\u00e9cnica necesaria para aprender a hacer verticales desde cero por delante del pole. Es ideal para quienes aun les tienen miedo y no saben [&hellip;]<\/p>\n","protected":false},"featured_media":526,"comment_status":"open","ping_status":"closed","template":"","meta":{"site-sidebar-layout":"default","site-content-layout":"","ast-site-content-layout":"default","site-content-style":"default","site-sidebar-style":"default","ast-global-header-display":"","ast-banner-title-visibility":"","ast-main-header-display":"","ast-hfb-above-header-display":"","ast-hfb-below-header-display":"","ast-hfb-mobile-header-display":"","site-post-title":"","ast-breadcrumbs-content":"","ast-featured-img":"","footer-sml-layout":"","theme-transparent-header-meta":"default","adv-header-id-meta":"","stick-header-meta":"","header-above-stick-meta":"","header-main-stick-meta":"","header-below-stick-meta":"","astra-migrate-meta-layouts":"set","ast-page-background-enabled":"default","ast-page-background-meta":{"desktop":{"background-color":"var(--ast-global-color-4)","background-image":"","background-repeat":"repeat","background-position":"center center","background-size":"auto","background-attachment":"scroll","background-type":"","background-media":"","overlay-type":"","overlay-color":"","overlay-opacity":"","overlay-gradient":""},"tablet":{"background-color":"","background-image":"","background-repeat":"repeat","background-position":"center center","background-size":"auto","background-attachment":"scroll","background-type":"","background-media":"","overlay-type":"","overlay-color":"","overlay-opacity":"","overlay-gradient":""},"mobile":{"background-color":"","background-image":"","background-repeat":"repeat","background-position":"center center","background-size":"auto","background-attachment":"scroll","background-type":"","background-media":"","overlay-type":"","overlay-color":"","overlay-opacity":"","overlay-gradient":""}},"ast-content-background-meta":{"desktop":{"background-color":"var(--ast-global-color-5)","background-image":"","background-repeat":"repeat","background-position":"center center","background-size":"auto","background-attachment":"scroll","background-type":"","background-media":"","overlay-type":"","overlay-color":"","overlay-opacity":"","overlay-gradient":""},"tablet":{"background-color":"var(--ast-global-color-5)","background-image":"","background-repeat":"repeat","background-position":"center center","background-size":"auto","background-attachment":"scroll","background-type":"","background-media":"","overlay-type":"","overlay-color":"","overlay-opacity":"","overlay-gradient":""},"mobile":{"background-color":"var(--ast-global-color-5)","background-image":"","background-repeat":"repeat","background-position":"center center","background-size":"auto","background-attachment":"scroll","background-type":"","background-media":"","overlay-type":"","overlay-color":"","overlay-opacity":"","overlay-gradient":""}}},"product_brand":[],"product_cat":[22],"product_tag":[],"class_list":{"0":"post-525","1":"product","2":"type-product","3":"status-publish","4":"has-post-thumbnail","6":"product_cat-talleres","7":"desktop-align-left","8":"tablet-align-left","9":"mobile-align-left","11":"first","12":"instock","13":"virtual","14":"purchasable","15":"product-type-simple"},"_links":{"self":[{"href":"https:\/\/tienda.olivelez.com.ar\/shop\/wp-json\/wp\/v2\/product\/525","targetHints":{"allow":["GET"]}}],"collection":[{"href":"https:\/\/tienda.olivelez.com.ar\/shop\/wp-json\/wp\/v2\/product"}],"about":[{"href":"https:\/\/tienda.olivelez.com.ar\/shop\/wp-json\/wp\/v2\/types\/product"}],"replies":[{"embeddable":true,"href":"https:\/\/tienda.olivelez.com.ar\/shop\/wp-json\/wp\/v2\/comments?post=525"}],"wp:featuredmedia":[{"embeddable":true,"href":"https:\/\/tienda.olivelez.com.ar\/shop\/wp-json\/wp\/v2\/media\/526"}],"wp:attachment":[{"href":"https:\/\/tienda.olivelez.com.ar\/shop\/wp-json\/wp\/v2\/media?parent=525"}],"wp:term":[{"taxonomy":"product_brand","embeddable":true,"href":"https:\/\/tienda.olivelez.com.ar\/shop\/wp-json\/wp\/v2\/product_brand?post=525"},{"taxonomy":"product_cat","embeddable":true,"href":"https:\/\/tienda.olivelez.com.ar\/shop\/wp-json\/wp\/v2\/product_cat?post=525"},{"taxonomy":"product_tag","embeddable":true,"href":"https:\/\/tienda.olivelez.com.ar\/shop\/wp-json\/wp\/v2\/product_tag?post=525"}],"curies":[{"name":"wp","href":"https:\/\/api.w.org\/{rel}","templated":true}]}}