{"id":396,"date":"2024-10-11T16:26:33","date_gmt":"2024-10-11T19:26:33","guid":{"rendered":"https:\/\/tienda.olivelez.com.ar\/shop\/?post_type=product&#038;p=396"},"modified":"2025-05-09T16:08:57","modified_gmt":"2025-05-09T19:08:57","slug":"clases-grabadas-no-es-culpa-mia","status":"publish","type":"product","link":"https:\/\/tienda.olivelez.com.ar\/shop\/product\/clases-grabadas-no-es-culpa-mia\/","title":{"rendered":"NO ES CULPA M\u00cdA"},"content":{"rendered":"<p>Estas son mis clases regulares online.<\/p>\n<p>Cada coreograf\u00eda se trabaja en dos clases de 90 minutos cada una. En ellas hacemos la entrada en calor que est\u00e1 orientada a la secuencia que vamos a trabajar y estudiamos t\u00e9cnica y musicalidad aplicada a la coreograf\u00eda.<\/p>\n<p>Este pack incluye ambas clases para &#8220;No es culpa m\u00eda&#8221; de Daddy Yankee.<\/p>\n<p>NIVEL: Intermedio\/Avanzado<\/p>\n","protected":false},"excerpt":{"rendered":"<p>Estas son mis clases regulares online. Cada coreograf\u00eda se trabaja en dos clases de 90 minutos cada una. En ellas hacemos la entrada en calor que est\u00e1 orientada a la secuencia que vamos a trabajar y estudiamos t\u00e9cnica y musicalidad aplicada a la coreograf\u00eda. Este pack incluye ambas clases para &#8220;No es culpa m\u00eda&#8221; de [&hellip;]<\/p>\n","protected":false},"featured_media":397,"comment_status":"open","ping_status":"closed","template":"","meta":{"site-sidebar-layout":"default","site-content-layout":"default","ast-site-content-layout":"default","site-content-style":"default","site-sidebar-style":"default","ast-global-header-display":"","ast-banner-title-visibility":"","ast-main-header-display":"","ast-hfb-above-header-display":"","ast-hfb-below-header-display":"","ast-hfb-mobile-header-display":"","site-post-title":"","ast-breadcrumbs-content":"","ast-featured-img":"","footer-sml-layout":"","theme-transparent-header-meta":"default","adv-header-id-meta":"","stick-header-meta":"","header-above-stick-meta":"","header-main-stick-meta":"","header-below-stick-meta":"","astra-migrate-meta-layouts":"set","ast-page-background-enabled":"default","ast-page-background-meta":{"desktop":{"background-color":"var(--ast-global-color-4)","background-image":"","background-repeat":"repeat","background-position":"center center","background-size":"auto","background-attachment":"scroll","background-type":"","background-media":"","overlay-type":"","overlay-color":"","overlay-opacity":"","overlay-gradient":""},"tablet":{"background-color":"","background-image":"","background-repeat":"repeat","background-position":"center center","background-size":"auto","background-attachment":"scroll","background-type":"","background-media":"","overlay-type":"","overlay-color":"","overlay-opacity":"","overlay-gradient":""},"mobile":{"background-color":"","background-image":"","background-repeat":"repeat","background-position":"center center","background-size":"auto","background-attachment":"scroll","background-type":"","background-media":"","overlay-type":"","overlay-color":"","overlay-opacity":"","overlay-gradient":""}},"ast-content-background-meta":{"desktop":{"background-color":"var(--ast-global-color-5)","background-image":"","background-repeat":"repeat","background-position":"center center","background-size":"auto","background-attachment":"scroll","background-type":"","background-media":"","overlay-type":"","overlay-color":"","overlay-opacity":"","overlay-gradient":""},"tablet":{"background-color":"var(--ast-global-color-5)","background-image":"","background-repeat":"repeat","background-position":"center center","background-size":"auto","background-attachment":"scroll","background-type":"","background-media":"","overlay-type":"","overlay-color":"","overlay-opacity":"","overlay-gradient":""},"mobile":{"background-color":"var(--ast-global-color-5)","background-image":"","background-repeat":"repeat","background-position":"center center","background-size":"auto","background-attachment":"scroll","background-type":"","background-media":"","overlay-type":"","overlay-color":"","overlay-opacity":"","overlay-gradient":""}}},"product_brand":[],"product_cat":[22],"product_tag":[],"class_list":{"0":"post-396","1":"product","2":"type-product","3":"status-publish","4":"has-post-thumbnail","6":"product_cat-talleres","7":"desktop-align-left","8":"tablet-align-left","9":"mobile-align-left","11":"first","12":"instock","13":"virtual","14":"purchasable","15":"product-type-simple"},"_links":{"self":[{"href":"https:\/\/tienda.olivelez.com.ar\/shop\/wp-json\/wp\/v2\/product\/396","targetHints":{"allow":["GET"]}}],"collection":[{"href":"https:\/\/tienda.olivelez.com.ar\/shop\/wp-json\/wp\/v2\/product"}],"about":[{"href":"https:\/\/tienda.olivelez.com.ar\/shop\/wp-json\/wp\/v2\/types\/product"}],"replies":[{"embeddable":true,"href":"https:\/\/tienda.olivelez.com.ar\/shop\/wp-json\/wp\/v2\/comments?post=396"}],"wp:featuredmedia":[{"embeddable":true,"href":"https:\/\/tienda.olivelez.com.ar\/shop\/wp-json\/wp\/v2\/media\/397"}],"wp:attachment":[{"href":"https:\/\/tienda.olivelez.com.ar\/shop\/wp-json\/wp\/v2\/media?parent=396"}],"wp:term":[{"taxonomy":"product_brand","embeddable":true,"href":"https:\/\/tienda.olivelez.com.ar\/shop\/wp-json\/wp\/v2\/product_brand?post=396"},{"taxonomy":"product_cat","embeddable":true,"href":"https:\/\/tienda.olivelez.com.ar\/shop\/wp-json\/wp\/v2\/product_cat?post=396"},{"taxonomy":"product_tag","embeddable":true,"href":"https:\/\/tienda.olivelez.com.ar\/shop\/wp-json\/wp\/v2\/product_tag?post=396"}],"curies":[{"name":"wp","href":"https:\/\/api.w.org\/{rel}","templated":true}]}}