{"id":366,"date":"2024-08-08T21:21:50","date_gmt":"2024-08-09T00:21:50","guid":{"rendered":"https:\/\/tienda.olivelez.com.ar\/shop\/?post_type=product&#038;p=366"},"modified":"2025-05-09T16:07:14","modified_gmt":"2025-05-09T19:07:14","slug":"la-yumba-taller","status":"publish","type":"product","link":"https:\/\/tienda.olivelez.com.ar\/shop\/product\/la-yumba-taller\/","title":{"rendered":"LA YUMBA"},"content":{"rendered":"<p>Duraci\u00f3n: 120 minutos<\/p>\n<p>En este taller estudiamos la musicalidad del tema en una primera instancia, aislando cada uno de los instrumentos para luego en la parte coreogr\u00e1fica poder representarlos a la perfecci\u00f3n con el cuerpo.<\/p>\n<p>Nos enfocamos en los bodywaves disociados y en la cadencia mel\u00f3dica del tango. La idea es que cada une con su impronta pueda bailar este tema uni\u00e9ndose con la m\u00fasica.<\/p>\n<p>NIVEL: Intermedio<\/p>\n","protected":false},"excerpt":{"rendered":"<p>Duraci\u00f3n: 120 minutos En este taller estudiamos la musicalidad del tema en una primera instancia, aislando cada uno de los instrumentos para luego en la parte coreogr\u00e1fica poder representarlos a la perfecci\u00f3n con el cuerpo. Nos enfocamos en los bodywaves disociados y en la cadencia mel\u00f3dica del tango. La idea es que cada une con [&hellip;]<\/p>\n","protected":false},"featured_media":367,"comment_status":"open","ping_status":"closed","template":"","meta":{"site-sidebar-layout":"default","site-content-layout":"default","ast-site-content-layout":"default","site-content-style":"default","site-sidebar-style":"default","ast-global-header-display":"","ast-banner-title-visibility":"","ast-main-header-display":"","ast-hfb-above-header-display":"","ast-hfb-below-header-display":"","ast-hfb-mobile-header-display":"","site-post-title":"","ast-breadcrumbs-content":"","ast-featured-img":"","footer-sml-layout":"","theme-transparent-header-meta":"default","adv-header-id-meta":"","stick-header-meta":"","header-above-stick-meta":"","header-main-stick-meta":"","header-below-stick-meta":"","astra-migrate-meta-layouts":"set","ast-page-background-enabled":"default","ast-page-background-meta":{"desktop":{"background-color":"var(--ast-global-color-4)","background-image":"","background-repeat":"repeat","background-position":"center center","background-size":"auto","background-attachment":"scroll","background-type":"","background-media":"","overlay-type":"","overlay-color":"","overlay-opacity":"","overlay-gradient":""},"tablet":{"background-color":"","background-image":"","background-repeat":"repeat","background-position":"center center","background-size":"auto","background-attachment":"scroll","background-type":"","background-media":"","overlay-type":"","overlay-color":"","overlay-opacity":"","overlay-gradient":""},"mobile":{"background-color":"","background-image":"","background-repeat":"repeat","background-position":"center center","background-size":"auto","background-attachment":"scroll","background-type":"","background-media":"","overlay-type":"","overlay-color":"","overlay-opacity":"","overlay-gradient":""}},"ast-content-background-meta":{"desktop":{"background-color":"var(--ast-global-color-5)","background-image":"","background-repeat":"repeat","background-position":"center center","background-size":"auto","background-attachment":"scroll","background-type":"","background-media":"","overlay-type":"","overlay-color":"","overlay-opacity":"","overlay-gradient":""},"tablet":{"background-color":"var(--ast-global-color-5)","background-image":"","background-repeat":"repeat","background-position":"center center","background-size":"auto","background-attachment":"scroll","background-type":"","background-media":"","overlay-type":"","overlay-color":"","overlay-opacity":"","overlay-gradient":""},"mobile":{"background-color":"var(--ast-global-color-5)","background-image":"","background-repeat":"repeat","background-position":"center center","background-size":"auto","background-attachment":"scroll","background-type":"","background-media":"","overlay-type":"","overlay-color":"","overlay-opacity":"","overlay-gradient":""}}},"product_brand":[],"product_cat":[22],"product_tag":[],"class_list":{"0":"post-366","1":"product","2":"type-product","3":"status-publish","4":"has-post-thumbnail","6":"product_cat-talleres","7":"desktop-align-left","8":"tablet-align-left","9":"mobile-align-left","11":"first","12":"instock","13":"virtual","14":"purchasable","15":"product-type-simple"},"_links":{"self":[{"href":"https:\/\/tienda.olivelez.com.ar\/shop\/wp-json\/wp\/v2\/product\/366","targetHints":{"allow":["GET"]}}],"collection":[{"href":"https:\/\/tienda.olivelez.com.ar\/shop\/wp-json\/wp\/v2\/product"}],"about":[{"href":"https:\/\/tienda.olivelez.com.ar\/shop\/wp-json\/wp\/v2\/types\/product"}],"replies":[{"embeddable":true,"href":"https:\/\/tienda.olivelez.com.ar\/shop\/wp-json\/wp\/v2\/comments?post=366"}],"wp:featuredmedia":[{"embeddable":true,"href":"https:\/\/tienda.olivelez.com.ar\/shop\/wp-json\/wp\/v2\/media\/367"}],"wp:attachment":[{"href":"https:\/\/tienda.olivelez.com.ar\/shop\/wp-json\/wp\/v2\/media?parent=366"}],"wp:term":[{"taxonomy":"product_brand","embeddable":true,"href":"https:\/\/tienda.olivelez.com.ar\/shop\/wp-json\/wp\/v2\/product_brand?post=366"},{"taxonomy":"product_cat","embeddable":true,"href":"https:\/\/tienda.olivelez.com.ar\/shop\/wp-json\/wp\/v2\/product_cat?post=366"},{"taxonomy":"product_tag","embeddable":true,"href":"https:\/\/tienda.olivelez.com.ar\/shop\/wp-json\/wp\/v2\/product_tag?post=366"}],"curies":[{"name":"wp","href":"https:\/\/api.w.org\/{rel}","templated":true}]}}