{"id":297,"date":"2024-03-04T17:26:42","date_gmt":"2024-03-04T20:26:42","guid":{"rendered":"https:\/\/tienda.olivelez.com.ar\/shop\/?post_type=product&#038;p=297"},"modified":"2025-05-09T16:01:27","modified_gmt":"2025-05-09T19:01:27","slug":"seminario-de-estilo-latino","status":"publish","type":"product","link":"https:\/\/tienda.olivelez.com.ar\/shop\/product\/seminario-de-estilo-latino\/","title":{"rendered":"SEMINARIO DE ESTILO LATINO"},"content":{"rendered":"<p>Seminario de Estilo Latino grabado (4 horas y media) + Clase particular de 60 minutos.<br \/>\nEn este seminario vas a aprender todo lo que hay que saber sobre este estilo que est\u00e1 en auge. De d\u00f3nde viene, qui\u00e9nes lo definen y lo crearon, en qu\u00e9 se basa, cu\u00e1les son sus caracter\u00edsticas, la t\u00e9cnica, coreograf\u00eda y musicalidad que se usa.<br \/>\nEsta clase se divide en:<br \/>\n\u2022\u2060 \u2060Teor\u00eda<br \/>\n\u2022\u2060 \u2060Entrada en calor<br \/>\n\u2022\u2060 \u2060T\u00e9cnica<br \/>\n\u2022\u2060 \u2060Coreograf\u00eda<br \/>\nLuego, en la clase particular podemos enfocarnos en:<br \/>\n\u2022\u2060 \u2060Evacuar dudas<br \/>\n\u2022\u2060 \u2060Estudiar tu movimiento<br \/>\n\u2022\u2060 \u2060Profundizar en la teor\u00eda o la t\u00e9cnica<br \/>\nEste seminario viene con un manual detallado y videos de referencia.<br \/>\nSi ten\u00e9s dudas sobre este contenido, pod\u00e9s escribirme en la secci\u00f3n de contacto.<\/p>\n","protected":false},"excerpt":{"rendered":"<p>Seminario de Estilo Latino grabado (4 horas y media) + Clase particular de 60 minutos. En este seminario vas a aprender todo lo que hay que saber sobre este estilo que est\u00e1 en auge. De d\u00f3nde viene, qui\u00e9nes lo definen y lo crearon, en qu\u00e9 se basa, cu\u00e1les son sus caracter\u00edsticas, la t\u00e9cnica, coreograf\u00eda y [&hellip;]<\/p>\n","protected":false},"featured_media":299,"comment_status":"open","ping_status":"closed","template":"","meta":{"site-sidebar-layout":"default","site-content-layout":"default","ast-site-content-layout":"default","site-content-style":"default","site-sidebar-style":"default","ast-global-header-display":"","ast-banner-title-visibility":"","ast-main-header-display":"","ast-hfb-above-header-display":"","ast-hfb-below-header-display":"","ast-hfb-mobile-header-display":"","site-post-title":"","ast-breadcrumbs-content":"","ast-featured-img":"","footer-sml-layout":"","theme-transparent-header-meta":"default","adv-header-id-meta":"","stick-header-meta":"","header-above-stick-meta":"","header-main-stick-meta":"","header-below-stick-meta":"","astra-migrate-meta-layouts":"set","ast-page-background-enabled":"default","ast-page-background-meta":{"desktop":{"background-color":"var(--ast-global-color-4)","background-image":"","background-repeat":"repeat","background-position":"center center","background-size":"auto","background-attachment":"scroll","background-type":"","background-media":"","overlay-type":"","overlay-color":"","overlay-opacity":"","overlay-gradient":""},"tablet":{"background-color":"","background-image":"","background-repeat":"repeat","background-position":"center center","background-size":"auto","background-attachment":"scroll","background-type":"","background-media":"","overlay-type":"","overlay-color":"","overlay-opacity":"","overlay-gradient":""},"mobile":{"background-color":"","background-image":"","background-repeat":"repeat","background-position":"center center","background-size":"auto","background-attachment":"scroll","background-type":"","background-media":"","overlay-type":"","overlay-color":"","overlay-opacity":"","overlay-gradient":""}},"ast-content-background-meta":{"desktop":{"background-color":"var(--ast-global-color-5)","background-image":"","background-repeat":"repeat","background-position":"center center","background-size":"auto","background-attachment":"scroll","background-type":"","background-media":"","overlay-type":"","overlay-color":"","overlay-opacity":"","overlay-gradient":""},"tablet":{"background-color":"var(--ast-global-color-5)","background-image":"","background-repeat":"repeat","background-position":"center center","background-size":"auto","background-attachment":"scroll","background-type":"","background-media":"","overlay-type":"","overlay-color":"","overlay-opacity":"","overlay-gradient":""},"mobile":{"background-color":"var(--ast-global-color-5)","background-image":"","background-repeat":"repeat","background-position":"center center","background-size":"auto","background-attachment":"scroll","background-type":"","background-media":"","overlay-type":"","overlay-color":"","overlay-opacity":"","overlay-gradient":""}}},"product_brand":[],"product_cat":[22],"product_tag":[],"class_list":{"0":"post-297","1":"product","2":"type-product","3":"status-publish","4":"has-post-thumbnail","6":"product_cat-talleres","7":"desktop-align-left","8":"tablet-align-left","9":"mobile-align-left","11":"first","12":"instock","13":"downloadable","14":"shipping-taxable","15":"purchasable","16":"product-type-simple"},"_links":{"self":[{"href":"https:\/\/tienda.olivelez.com.ar\/shop\/wp-json\/wp\/v2\/product\/297","targetHints":{"allow":["GET"]}}],"collection":[{"href":"https:\/\/tienda.olivelez.com.ar\/shop\/wp-json\/wp\/v2\/product"}],"about":[{"href":"https:\/\/tienda.olivelez.com.ar\/shop\/wp-json\/wp\/v2\/types\/product"}],"replies":[{"embeddable":true,"href":"https:\/\/tienda.olivelez.com.ar\/shop\/wp-json\/wp\/v2\/comments?post=297"}],"wp:featuredmedia":[{"embeddable":true,"href":"https:\/\/tienda.olivelez.com.ar\/shop\/wp-json\/wp\/v2\/media\/299"}],"wp:attachment":[{"href":"https:\/\/tienda.olivelez.com.ar\/shop\/wp-json\/wp\/v2\/media?parent=297"}],"wp:term":[{"taxonomy":"product_brand","embeddable":true,"href":"https:\/\/tienda.olivelez.com.ar\/shop\/wp-json\/wp\/v2\/product_brand?post=297"},{"taxonomy":"product_cat","embeddable":true,"href":"https:\/\/tienda.olivelez.com.ar\/shop\/wp-json\/wp\/v2\/product_cat?post=297"},{"taxonomy":"product_tag","embeddable":true,"href":"https:\/\/tienda.olivelez.com.ar\/shop\/wp-json\/wp\/v2\/product_tag?post=297"}],"curies":[{"name":"wp","href":"https:\/\/api.w.org\/{rel}","templated":true}]}}